{"id":21,"date":"2020-05-20T07:53:13","date_gmt":"2020-05-20T07:53:13","guid":{"rendered":"https:\/\/fliesen-rochlus.de\/?page_id=21"},"modified":"2020-05-20T07:56:58","modified_gmt":"2020-05-20T07:56:58","slug":"home","status":"publish","type":"page","link":"https:\/\/fliesen-rochlus.de\/","title":{"rendered":"Home"},"content":{"rendered":"\n<h2>Unser Serviceangebot:<\/h2>\n\n\n\n<ul><li>Verlegung von Wand und Bodenfliesen<\/li><li>Verlegung von Naturstein<\/li><li>Trockenausbau<\/li><li>Elastische Fugen<\/li><li>Abdichtungsarbeiten<\/li><li>Verarbeitung edler Materialien<\/li><li>Einbau elektrischer Fu\u00dfbodenheizungen<\/li><li>Besichtigung und Vorortberatung<\/li><li>\u00dcberwachung der Leistungen<\/li><li>Individuelle Planung, sowie Beratung<\/li><li>Materialanlieferung<\/li><li>Ausf\u00fchrung kleiner Reparaturarbeiten<\/li><li>Komplettsanierungen inkl. Raumgestaltung<\/li><\/ul>\n\n\n\n<figure class=\"wp-block-image size-large\"><img loading=\"lazy\" width=\"600\" height=\"420\" src=\"https:\/\/fliesen-rochlus.de\/wp-content\/uploads\/2020\/05\/collage.jpg\" alt=\"\" class=\"wp-image-14\" srcset=\"https:\/\/fliesen-rochlus.de\/wp-content\/uploads\/2020\/05\/collage.jpg 600w, https:\/\/fliesen-rochlus.de\/wp-content\/uploads\/2020\/05\/collage-300x210.jpg 300w\" sizes=\"(max-width: 600px) 100vw, 600px\" \/><\/figure>\n","protected":false},"excerpt":{"rendered":"<p>Unser Serviceangebot: Verlegung von Wand und Bodenfliesen Verlegung von Naturstein Trockenausbau Elastische Fugen Abdichtungsarbeiten Verarbeitung edler Materialien Einbau elektrischer Fu\u00dfbodenheizungen Besichtigung und Vorortberatung \u00dcberwachung der Leistungen Individuelle Planung, sowie Beratung Materialanlieferung Ausf\u00fchrung kleiner Reparaturarbeiten Komplettsanierungen inkl. Raumgestaltung<\/p>\n","protected":false},"author":1,"featured_media":0,"parent":0,"menu_order":0,"comment_status":"closed","ping_status":"closed","template":"","meta":[],"_links":{"self":[{"href":"https:\/\/fliesen-rochlus.de\/index.php?rest_route=\/wp\/v2\/pages\/21"}],"collection":[{"href":"https:\/\/fliesen-rochlus.de\/index.php?rest_route=\/wp\/v2\/pages"}],"about":[{"href":"https:\/\/fliesen-rochlus.de\/index.php?rest_route=\/wp\/v2\/types\/page"}],"author":[{"embeddable":true,"href":"https:\/\/fliesen-rochlus.de\/index.php?rest_route=\/wp\/v2\/users\/1"}],"replies":[{"embeddable":true,"href":"https:\/\/fliesen-rochlus.de\/index.php?rest_route=%2Fwp%2Fv2%2Fcomments&post=21"}],"version-history":[{"count":2,"href":"https:\/\/fliesen-rochlus.de\/index.php?rest_route=\/wp\/v2\/pages\/21\/revisions"}],"predecessor-version":[{"id":30,"href":"https:\/\/fliesen-rochlus.de\/index.php?rest_route=\/wp\/v2\/pages\/21\/revisions\/30"}],"wp:attachment":[{"href":"https:\/\/fliesen-rochlus.de\/index.php?rest_route=%2Fwp%2Fv2%2Fmedia&parent=21"}],"curies":[{"name":"wp","href":"https:\/\/api.w.org\/{rel}","templated":true}]}}